{"id":2327,"date":"2024-01-15T06:26:09","date_gmt":"2024-01-15T05:26:09","guid":{"rendered":"https:\/\/mmwork.ch\/?page_id=2327"},"modified":"2024-03-06T18:44:44","modified_gmt":"2024-03-06T17:44:44","slug":"unternehmen","status":"publish","type":"page","link":"https:\/\/mmwork.ch\/de\/unternehmen\/","title":{"rendered":"Unternehmen"},"content":{"rendered":"\t\t<div data-elementor-type=\"wp-page\" data-elementor-id=\"2327\" class=\"elementor elementor-2327 elementor-213\" data-elementor-post-type=\"page\">\n\t\t\t\t<div class=\"elementor-element elementor-element-51664ea e-flex e-con-boxed e-con e-parent\" data-id=\"51664ea\" data-element_type=\"container\" data-settings=\"{&quot;background_background&quot;:&quot;classic&quot;}\">\n\t\t\t\t\t<div class=\"e-con-inner\">\n\t\t\t\t<div class=\"elementor-element elementor-element-6b11ee5 elementor-widget elementor-widget-heading\" data-id=\"6b11ee5\" data-element_type=\"widget\" data-widget_type=\"heading.default\">\n\t\t\t\t<div class=\"elementor-widget-container\">\n\t\t\t<h2 class=\"elementor-heading-title elementor-size-default\">UNTERNEHMEN<\/h2>\t\t<\/div>\n\t\t\t\t<\/div>\n\t\t\t\t\t<\/div>\n\t\t\t\t<\/div>\n\t\t<div class=\"elementor-element elementor-element-2d0967c e-flex e-con-boxed e-con e-parent\" data-id=\"2d0967c\" data-element_type=\"container\">\n\t\t\t\t\t<div class=\"e-con-inner\">\n\t\t<div class=\"elementor-element elementor-element-aac8d52 e-flex e-con-boxed e-con e-child\" data-id=\"aac8d52\" data-element_type=\"container\">\n\t\t\t\t\t<div class=\"e-con-inner\">\n\t\t<div class=\"elementor-element elementor-element-460e038 e-con-full e-flex elementor-invisible e-con e-child\" data-id=\"460e038\" data-element_type=\"container\" data-settings=\"{&quot;background_background&quot;:&quot;classic&quot;,&quot;animation&quot;:&quot;fadeInUp&quot;}\">\n\t\t\t\t<div class=\"elementor-element elementor-element-77ea7b3 elementor-invisible elementor-widget elementor-widget-spacer\" data-id=\"77ea7b3\" data-element_type=\"widget\" data-settings=\"{&quot;_animation&quot;:&quot;fadeInUp&quot;}\" data-widget_type=\"spacer.default\">\n\t\t\t\t<div class=\"elementor-widget-container\">\n\t\t\t\t\t<div class=\"elementor-spacer\">\n\t\t\t<div class=\"elementor-spacer-inner\"><\/div>\n\t\t<\/div>\n\t\t\t\t<\/div>\n\t\t\t\t<\/div>\n\t\t\t\t<\/div>\n\t\t<div class=\"elementor-element elementor-element-4f2210f e-con-full e-flex elementor-invisible e-con e-child\" data-id=\"4f2210f\" data-element_type=\"container\" data-settings=\"{&quot;animation&quot;:&quot;fadeInUp&quot;}\">\n\t\t\t\t<div class=\"elementor-element elementor-element-cd6b71e elementor-widget elementor-widget-heading\" data-id=\"cd6b71e\" data-element_type=\"widget\" data-widget_type=\"heading.default\">\n\t\t\t\t<div class=\"elementor-widget-container\">\n\t\t\t<h2 class=\"elementor-heading-title elementor-size-default\"> MM WORK &amp; INVESTMENT Sagl <\/h2>\t\t<\/div>\n\t\t\t\t<\/div>\n\t\t\t\t<div class=\"elementor-element elementor-element-c76b459 elementor-widget elementor-widget-text-editor\" data-id=\"c76b459\" data-element_type=\"widget\" data-widget_type=\"text-editor.default\">\n\t\t\t\t<div class=\"elementor-widget-container\">\n\t\t\t\t\t\t\t<p>Eine Realit\u00e4t, die sich der Transformation von R\u00e4umen durch die Kunst der Installation widmet, mit dem Wunsch, sich von vielen anderen Unternehmen abzuheben und hervorzuheben, die investieren, um Zahlen zu machen, miteinander konkurrieren, um das beste Produkt auf dem Markt zu schaffen, aber es vernachl\u00e4ssigen oder weniger bezahlen Aufmerksamkeit auf den Teil der Installation, Arbeit, die sich in Wirklichkeit als grundlegender und entscheidender Teil f\u00fcr den Erfolg des Endergebnisses erweist.<\/p><p>Der Kauf eines Qualit\u00e4tsprodukts reicht nicht aus. Es muss sichergestellt werden, dass die Montage korrekt durchgef\u00fchrt wird, und daher ist es notwendig, sich auf Fachleute zu verlassen und diese einzusetzen, die in der Lage sind, die geeigneten Produkte und neuen Installationstechniken fachm\u00e4nnisch zu kennen.<\/p>\t\t\t\t\t\t<\/div>\n\t\t\t\t<\/div>\n\t\t\t\t<\/div>\n\t\t\t\t\t<\/div>\n\t\t\t\t<\/div>\n\t\t\t\t\t<\/div>\n\t\t\t\t<\/div>\n\t\t<div class=\"elementor-element elementor-element-9e45e27 e-flex e-con-boxed e-con e-parent\" data-id=\"9e45e27\" data-element_type=\"container\" data-settings=\"{&quot;background_background&quot;:&quot;classic&quot;}\">\n\t\t\t\t\t<div class=\"e-con-inner\">\n\t\t\t\t<div class=\"elementor-element elementor-element-cc68537 elementor-blockquote--skin-quotation elementor-blockquote--button-color-official elementor-widget elementor-widget-blockquote\" data-id=\"cc68537\" data-element_type=\"widget\" data-widget_type=\"blockquote.default\">\n\t\t\t\t<div class=\"elementor-widget-container\">\n\t\t\t\t\t<blockquote class=\"elementor-blockquote\">\n\t\t\t<p class=\"elementor-blockquote__content\">\n\t\t\t\tEin perfekt eingebautes Fenster mittlerer\/niedriger Qualit\u00e4t hat eine bessere Leistung und Haltbarkeit als ein leistungsstarkes, aber schlecht eingebautes Fenster!\t\t\t<\/p>\n\t\t\t\t\t\t\t<div class=\"e-q-footer\">\n\t\t\t\t\t\t\t\t\t\t\t<cite class=\"elementor-blockquote__author\">- Worte von Mario Monteverdi<\/cite>\n\t\t\t\t\t\t\t\t\t\t\t\t\t\t<\/div>\n\t\t\t\t\t<\/blockquote>\n\t\t\t\t<\/div>\n\t\t\t\t<\/div>\n\t\t\t\t\t<\/div>\n\t\t\t\t<\/div>\n\t\t<div class=\"elementor-element elementor-element-ae39a49 e-flex e-con-boxed e-con e-parent\" data-id=\"ae39a49\" data-element_type=\"container\">\n\t\t\t\t\t<div class=\"e-con-inner\">\n\t\t<div class=\"elementor-element elementor-element-f2b0fd5 e-flex e-con-boxed e-con e-child\" data-id=\"f2b0fd5\" data-element_type=\"container\">\n\t\t\t\t\t<div class=\"e-con-inner\">\n\t\t<div class=\"elementor-element elementor-element-ce5b60d e-con-full e-flex elementor-invisible e-con e-child\" data-id=\"ce5b60d\" data-element_type=\"container\" data-settings=\"{&quot;animation&quot;:&quot;fadeInUp&quot;}\">\n\t\t\t\t<div class=\"elementor-element elementor-element-c2bd78a elementor-widget elementor-widget-text-editor\" data-id=\"c2bd78a\" data-element_type=\"widget\" data-widget_type=\"text-editor.default\">\n\t\t\t\t<div class=\"elementor-widget-container\">\n\t\t\t\t\t\t\t<p>Von gro\u00dfer Bedeutung ist die kontinuierliche und aktuelle Schulung des <em>MM WORK&amp;INVESTMENT<\/em> <strong>TEAMs<\/strong>, da sich immer wieder neue Installationstechniken entwickeln, die sich f\u00fcr die energetischen Auswirkungen von Geb\u00e4uden, egal ob Neubau oder Renovierung, als unverzichtbar erweisen.<\/p><p>Gleichzeitig wecken das Interesse und das Wissen f\u00fcr die korrekte Anwendung neuer Dichtungs- und Isolierprodukte, die der Markt f\u00fcr die verschiedenen Situationen hervorruft, und dies erm\u00f6glicht es dem Unternehmen, die besten Fachkr\u00e4fte auf dem Markt anzubieten, die geschult, informiert und in der Lage sind, die Anforderungen zu erf\u00fcllen Vervollst\u00e4ndigen Sie die von den besten Ingenieuren, Architekten, Technikern und Experten der Branche festgelegten und geforderten Ziele.<\/p><p><em>MM WORK&amp;INVESTMENT<\/em> ist in der Lage, Anfragen rund um die Uhr zu erf\u00fcllen, unabh\u00e4ngig davon, ob es sich um gro\u00dfe oder kleine Arbeiten oder solche f\u00fcr Privatkunden handelt.<\/p><p>Die Arbeit des Unternehmens reicht von der vollst\u00e4ndigen Auftragsverwaltung (Entwurf, Untersuchungen, Lieferung von Materialien und Produkten sowie Installation) bis hin zu Anfragen nach Unterst\u00fctzung oder Unterst\u00fctzung durch andere Unternehmen derselben Branche, die praktische Unterst\u00fctzung bei der Erledigung der Aufgaben ben\u00f6tigen.<\/p>\t\t\t\t\t\t<\/div>\n\t\t\t\t<\/div>\n\t\t\t\t<\/div>\n\t\t<div class=\"elementor-element elementor-element-f072255 e-con-full e-flex elementor-invisible e-con e-child\" data-id=\"f072255\" data-element_type=\"container\" data-settings=\"{&quot;background_background&quot;:&quot;classic&quot;,&quot;animation&quot;:&quot;fadeInUp&quot;}\">\n\t\t\t\t<div class=\"elementor-element elementor-element-52affca elementor-invisible elementor-widget elementor-widget-spacer\" data-id=\"52affca\" data-element_type=\"widget\" data-settings=\"{&quot;_animation&quot;:&quot;fadeInUp&quot;}\" data-widget_type=\"spacer.default\">\n\t\t\t\t<div class=\"elementor-widget-container\">\n\t\t\t\t\t<div class=\"elementor-spacer\">\n\t\t\t<div class=\"elementor-spacer-inner\"><\/div>\n\t\t<\/div>\n\t\t\t\t<\/div>\n\t\t\t\t<\/div>\n\t\t\t\t<\/div>\n\t\t\t\t\t<\/div>\n\t\t\t\t<\/div>\n\t\t\t\t\t<\/div>\n\t\t\t\t<\/div>\n\t\t\t\t<\/div>\n\t\t","protected":false},"excerpt":{"rendered":"<p>UNTERNEHMEN MM WORK &amp; INVESTMENT Sagl Eine Realit\u00e4t, die sich der Transformation von R\u00e4umen durch die Kunst der Installation widmet, mit dem Wunsch, sich von vielen anderen Unternehmen abzuheben und hervorzuheben, die investieren, um Zahlen zu machen, miteinander konkurrieren, um das beste Produkt auf dem Markt zu schaffen, aber es vernachl\u00e4ssigen oder weniger bezahlen Aufmerksamkeit [&hellip;]<\/p>\n","protected":false},"author":1,"featured_media":0,"parent":0,"menu_order":0,"comment_status":"closed","ping_status":"closed","template":"elementor_header_footer","meta":{"footnotes":""},"class_list":["post-2327","page","type-page","status-publish","hentry"],"_links":{"self":[{"href":"https:\/\/mmwork.ch\/de\/wp-json\/wp\/v2\/pages\/2327","targetHints":{"allow":["GET"]}}],"collection":[{"href":"https:\/\/mmwork.ch\/de\/wp-json\/wp\/v2\/pages"}],"about":[{"href":"https:\/\/mmwork.ch\/de\/wp-json\/wp\/v2\/types\/page"}],"author":[{"embeddable":true,"href":"https:\/\/mmwork.ch\/de\/wp-json\/wp\/v2\/users\/1"}],"replies":[{"embeddable":true,"href":"https:\/\/mmwork.ch\/de\/wp-json\/wp\/v2\/comments?post=2327"}],"version-history":[{"count":4,"href":"https:\/\/mmwork.ch\/de\/wp-json\/wp\/v2\/pages\/2327\/revisions"}],"predecessor-version":[{"id":2331,"href":"https:\/\/mmwork.ch\/de\/wp-json\/wp\/v2\/pages\/2327\/revisions\/2331"}],"wp:attachment":[{"href":"https:\/\/mmwork.ch\/de\/wp-json\/wp\/v2\/media?parent=2327"}],"curies":[{"name":"wp","href":"https:\/\/api.w.org\/{rel}","templated":true}]}}