{"id":2247,"date":"2024-01-15T06:26:09","date_gmt":"2024-01-15T05:26:09","guid":{"rendered":"https:\/\/mmwork.ch\/?page_id=2247"},"modified":"2024-03-05T17:54:21","modified_gmt":"2024-03-05T16:54:21","slug":"l-entreprise","status":"publish","type":"page","link":"https:\/\/mmwork.ch\/fr\/l-entreprise\/","title":{"rendered":"L&rsquo;ENTREPRISE"},"content":{"rendered":"\t\t<div data-elementor-type=\"wp-page\" data-elementor-id=\"2247\" class=\"elementor elementor-2247 elementor-213\" data-elementor-post-type=\"page\">\n\t\t\t\t<div class=\"elementor-element elementor-element-51664ea e-flex e-con-boxed e-con e-parent\" data-id=\"51664ea\" data-element_type=\"container\" data-settings=\"{&quot;background_background&quot;:&quot;classic&quot;}\">\n\t\t\t\t\t<div class=\"e-con-inner\">\n\t\t\t\t<div class=\"elementor-element elementor-element-6b11ee5 elementor-widget elementor-widget-heading\" data-id=\"6b11ee5\" data-element_type=\"widget\" data-widget_type=\"heading.default\">\n\t\t\t\t<div class=\"elementor-widget-container\">\n\t\t\t<h2 class=\"elementor-heading-title elementor-size-default\">L'ENTREPRISE<\/h2>\t\t<\/div>\n\t\t\t\t<\/div>\n\t\t\t\t\t<\/div>\n\t\t\t\t<\/div>\n\t\t<div class=\"elementor-element elementor-element-2d0967c e-flex e-con-boxed e-con e-parent\" data-id=\"2d0967c\" data-element_type=\"container\">\n\t\t\t\t\t<div class=\"e-con-inner\">\n\t\t<div class=\"elementor-element elementor-element-aac8d52 e-flex e-con-boxed e-con e-child\" data-id=\"aac8d52\" data-element_type=\"container\">\n\t\t\t\t\t<div class=\"e-con-inner\">\n\t\t<div class=\"elementor-element elementor-element-460e038 e-con-full e-flex elementor-invisible e-con e-child\" data-id=\"460e038\" data-element_type=\"container\" data-settings=\"{&quot;background_background&quot;:&quot;classic&quot;,&quot;animation&quot;:&quot;fadeInUp&quot;}\">\n\t\t\t\t<div class=\"elementor-element elementor-element-77ea7b3 elementor-invisible elementor-widget elementor-widget-spacer\" data-id=\"77ea7b3\" data-element_type=\"widget\" data-settings=\"{&quot;_animation&quot;:&quot;fadeInUp&quot;}\" data-widget_type=\"spacer.default\">\n\t\t\t\t<div class=\"elementor-widget-container\">\n\t\t\t\t\t<div class=\"elementor-spacer\">\n\t\t\t<div class=\"elementor-spacer-inner\"><\/div>\n\t\t<\/div>\n\t\t\t\t<\/div>\n\t\t\t\t<\/div>\n\t\t\t\t<\/div>\n\t\t<div class=\"elementor-element elementor-element-4f2210f e-con-full e-flex elementor-invisible e-con e-child\" data-id=\"4f2210f\" data-element_type=\"container\" data-settings=\"{&quot;animation&quot;:&quot;fadeInUp&quot;}\">\n\t\t\t\t<div class=\"elementor-element elementor-element-cd6b71e elementor-widget elementor-widget-heading\" data-id=\"cd6b71e\" data-element_type=\"widget\" data-widget_type=\"heading.default\">\n\t\t\t\t<div class=\"elementor-widget-container\">\n\t\t\t<h2 class=\"elementor-heading-title elementor-size-default\"> MM WORK &amp; INVESTMENT Sagl <\/h2>\t\t<\/div>\n\t\t\t\t<\/div>\n\t\t\t\t<div class=\"elementor-element elementor-element-c76b459 elementor-widget elementor-widget-text-editor\" data-id=\"c76b459\" data-element_type=\"widget\" data-widget_type=\"text-editor.default\">\n\t\t\t\t<div class=\"elementor-widget-container\">\n\t\t\t\t\t\t\t<p>Une r\u00e9alit\u00e9 d\u00e9di\u00e9e \u00e0 la transformation des espaces \u00e0 travers l&rsquo;art de l&rsquo;installation, avec la volont\u00e9 de se d\u00e9marquer et d&rsquo;\u00e9merger parmi de nombreuses autres entreprises qui investissent pour gagner en chiffres, se faisant concurrence pour cr\u00e9er le meilleur produit du march\u00e9, mais en n\u00e9gligeant ou en payant moins. attention \u00e0 la partie installation, travail qui s&rsquo;av\u00e8re en r\u00e9alit\u00e9 \u00eatre la partie fondamentale et d\u00e9cisive pour le succ\u00e8s du r\u00e9sultat final.<\/p><p>Acheter un produit de qualit\u00e9 ne suffit pas. Il est n\u00e9cessaire de s&rsquo;assurer que l&rsquo;assemblage est correct et il est donc n\u00e9cessaire de s&rsquo;appuyer sur et d&rsquo;utiliser des professionnels capables de conna\u00eetre les produits appropri\u00e9s et les nouvelles techniques d&rsquo;installation de mani\u00e8re professionnelle.<\/p>\t\t\t\t\t\t<\/div>\n\t\t\t\t<\/div>\n\t\t\t\t<\/div>\n\t\t\t\t\t<\/div>\n\t\t\t\t<\/div>\n\t\t\t\t\t<\/div>\n\t\t\t\t<\/div>\n\t\t<div class=\"elementor-element elementor-element-9e45e27 e-flex e-con-boxed e-con e-parent\" data-id=\"9e45e27\" data-element_type=\"container\" data-settings=\"{&quot;background_background&quot;:&quot;classic&quot;}\">\n\t\t\t\t\t<div class=\"e-con-inner\">\n\t\t\t\t<div class=\"elementor-element elementor-element-cc68537 elementor-blockquote--skin-quotation elementor-blockquote--button-color-official elementor-widget elementor-widget-blockquote\" data-id=\"cc68537\" data-element_type=\"widget\" data-widget_type=\"blockquote.default\">\n\t\t\t\t<div class=\"elementor-widget-container\">\n\t\t\t\t\t<blockquote class=\"elementor-blockquote\">\n\t\t\t<p class=\"elementor-blockquote__content\">\n\t\t\t\tUne fen\u00eatre de qualit\u00e9 moyenne\/basse install\u00e9e parfaitement a de meilleures performances et durabilit\u00e9 qu\u2019une fen\u00eatre performante mais mal install\u00e9e!\t\t\t<\/p>\n\t\t\t\t\t\t\t<div class=\"e-q-footer\">\n\t\t\t\t\t\t\t\t\t\t\t<cite class=\"elementor-blockquote__author\">- pAROLE DE Mario Monteverdi<\/cite>\n\t\t\t\t\t\t\t\t\t\t\t\t\t\t<\/div>\n\t\t\t\t\t<\/blockquote>\n\t\t\t\t<\/div>\n\t\t\t\t<\/div>\n\t\t\t\t\t<\/div>\n\t\t\t\t<\/div>\n\t\t<div class=\"elementor-element elementor-element-ae39a49 e-flex e-con-boxed e-con e-parent\" data-id=\"ae39a49\" data-element_type=\"container\">\n\t\t\t\t\t<div class=\"e-con-inner\">\n\t\t<div class=\"elementor-element elementor-element-f2b0fd5 e-flex e-con-boxed e-con e-child\" data-id=\"f2b0fd5\" data-element_type=\"container\">\n\t\t\t\t\t<div class=\"e-con-inner\">\n\t\t<div class=\"elementor-element elementor-element-ce5b60d e-con-full e-flex elementor-invisible e-con e-child\" data-id=\"ce5b60d\" data-element_type=\"container\" data-settings=\"{&quot;animation&quot;:&quot;fadeInUp&quot;}\">\n\t\t\t\t<div class=\"elementor-element elementor-element-c2bd78a elementor-widget elementor-widget-text-editor\" data-id=\"c2bd78a\" data-element_type=\"widget\" data-widget_type=\"text-editor.default\">\n\t\t\t\t<div class=\"elementor-widget-container\">\n\t\t\t\t\t\t\t<p>La formation continue et actualis\u00e9e de\u00a0<strong>L&rsquo;EQUIPE<\/strong>\u00a0<em>MM WORK&amp;INVESTMENT<\/em> est d&rsquo;une importance consid\u00e9rable, car il existe toujours de nouvelles techniques d&rsquo;installation en constante \u00e9volution, qui s&rsquo;av\u00e8rent indispensables pour les impacts \u00e9nerg\u00e9tiques des b\u00e2timents, qu&rsquo;il s&rsquo;agisse de nouvelles constructions ou de r\u00e9novations.<\/p><p>En m\u00eame temps, l&rsquo;int\u00e9r\u00eat et les connaissances pour l&rsquo;application correcte des nouveaux produits d&rsquo;\u00e9tanch\u00e9it\u00e9 et d&rsquo;isolation que le march\u00e9 cr\u00e9e pour les diff\u00e9rentes situations, ce qui permet \u00e0 l&rsquo;entreprise d&rsquo;offrir les meilleurs professionnels du march\u00e9, form\u00e9s, inform\u00e9s et capables d&rsquo;apporter compl\u00e9ter les objectifs fix\u00e9s et demand\u00e9s par les meilleurs ing\u00e9nieurs, architectes, techniciens et experts du secteur.<\/p><p><em>MM WORK&amp;INVESTMENT<\/em> est en mesure de satisfaire les demandes \u00e0 360 degr\u00e9s, qu&rsquo;il s&rsquo;agisse de grands travaux, de petits travaux ou encore d\u00e9di\u00e9s \u00e0 des clients priv\u00e9s.<\/p><p>Le travail de l&rsquo;entreprise s&rsquo;\u00e9tend de la gestion compl\u00e8te de la commande (conception, \u00e9tudes, fourniture de mat\u00e9riaux et produits et installation) jusqu&rsquo;aux demandes de soutien ou d&rsquo;assistance d&rsquo;autres entreprises appartenant au m\u00eame secteur qui ont besoin d&rsquo;un soutien pratique pour accomplir les t\u00e2ches propres commandes.<\/p>\t\t\t\t\t\t<\/div>\n\t\t\t\t<\/div>\n\t\t\t\t<\/div>\n\t\t<div class=\"elementor-element elementor-element-f072255 e-con-full e-flex elementor-invisible e-con e-child\" data-id=\"f072255\" data-element_type=\"container\" data-settings=\"{&quot;background_background&quot;:&quot;classic&quot;,&quot;animation&quot;:&quot;fadeInUp&quot;}\">\n\t\t\t\t<div class=\"elementor-element elementor-element-52affca elementor-invisible elementor-widget elementor-widget-spacer\" data-id=\"52affca\" data-element_type=\"widget\" data-settings=\"{&quot;_animation&quot;:&quot;fadeInUp&quot;}\" data-widget_type=\"spacer.default\">\n\t\t\t\t<div class=\"elementor-widget-container\">\n\t\t\t\t\t<div class=\"elementor-spacer\">\n\t\t\t<div class=\"elementor-spacer-inner\"><\/div>\n\t\t<\/div>\n\t\t\t\t<\/div>\n\t\t\t\t<\/div>\n\t\t\t\t<\/div>\n\t\t\t\t\t<\/div>\n\t\t\t\t<\/div>\n\t\t\t\t\t<\/div>\n\t\t\t\t<\/div>\n\t\t\t\t<\/div>\n\t\t","protected":false},"excerpt":{"rendered":"<p>L&rsquo;ENTREPRISE MM WORK &amp; INVESTMENT Sagl Une r\u00e9alit\u00e9 d\u00e9di\u00e9e \u00e0 la transformation des espaces \u00e0 travers l&rsquo;art de l&rsquo;installation, avec la volont\u00e9 de se d\u00e9marquer et d&rsquo;\u00e9merger parmi de nombreuses autres entreprises qui investissent pour gagner en chiffres, se faisant concurrence pour cr\u00e9er le meilleur produit du march\u00e9, mais en n\u00e9gligeant ou en payant moins. [&hellip;]<\/p>\n","protected":false},"author":1,"featured_media":0,"parent":0,"menu_order":0,"comment_status":"closed","ping_status":"closed","template":"elementor_header_footer","meta":{"footnotes":""},"class_list":["post-2247","page","type-page","status-publish","hentry"],"_links":{"self":[{"href":"https:\/\/mmwork.ch\/fr\/wp-json\/wp\/v2\/pages\/2247","targetHints":{"allow":["GET"]}}],"collection":[{"href":"https:\/\/mmwork.ch\/fr\/wp-json\/wp\/v2\/pages"}],"about":[{"href":"https:\/\/mmwork.ch\/fr\/wp-json\/wp\/v2\/types\/page"}],"author":[{"embeddable":true,"href":"https:\/\/mmwork.ch\/fr\/wp-json\/wp\/v2\/users\/1"}],"replies":[{"embeddable":true,"href":"https:\/\/mmwork.ch\/fr\/wp-json\/wp\/v2\/comments?post=2247"}],"version-history":[{"count":7,"href":"https:\/\/mmwork.ch\/fr\/wp-json\/wp\/v2\/pages\/2247\/revisions"}],"predecessor-version":[{"id":2254,"href":"https:\/\/mmwork.ch\/fr\/wp-json\/wp\/v2\/pages\/2247\/revisions\/2254"}],"wp:attachment":[{"href":"https:\/\/mmwork.ch\/fr\/wp-json\/wp\/v2\/media?parent=2247"}],"curies":[{"name":"wp","href":"https:\/\/api.w.org\/{rel}","templated":true}]}}