{"id":2272,"date":"2024-02-09T14:27:49","date_gmt":"2024-02-09T13:27:49","guid":{"rendered":"https:\/\/mmwork.ch\/?page_id=2272"},"modified":"2024-06-05T15:20:13","modified_gmt":"2024-06-05T13:20:13","slug":"mmwood","status":"publish","type":"page","link":"https:\/\/mmwork.ch\/fr\/mmwood\/","title":{"rendered":"MMWOOD"},"content":{"rendered":"\t\t<div data-elementor-type=\"wp-page\" data-elementor-id=\"2272\" class=\"elementor elementor-2272 elementor-937\" data-elementor-post-type=\"page\">\n\t\t\t\t<div class=\"elementor-element elementor-element-51664ea e-flex e-con-boxed e-con e-parent\" data-id=\"51664ea\" data-element_type=\"container\" data-settings=\"{&quot;background_background&quot;:&quot;classic&quot;}\">\n\t\t\t\t\t<div class=\"e-con-inner\">\n\t\t\t\t<div class=\"elementor-element elementor-element-6b11ee5 elementor-widget elementor-widget-heading\" data-id=\"6b11ee5\" data-element_type=\"widget\" data-widget_type=\"heading.default\">\n\t\t\t\t<div class=\"elementor-widget-container\">\n\t\t\t<h2 class=\"elementor-heading-title elementor-size-default\">MMWOOD<\/h2>\t\t<\/div>\n\t\t\t\t<\/div>\n\t\t\t\t\t<\/div>\n\t\t\t\t<\/div>\n\t\t<div class=\"elementor-element elementor-element-2d0967c e-flex e-con-boxed e-con e-parent\" data-id=\"2d0967c\" data-element_type=\"container\">\n\t\t\t\t\t<div class=\"e-con-inner\">\n\t\t<div class=\"elementor-element elementor-element-aac8d52 e-flex e-con-boxed e-con e-child\" data-id=\"aac8d52\" data-element_type=\"container\">\n\t\t\t\t\t<div class=\"e-con-inner\">\n\t\t<div class=\"elementor-element elementor-element-460e038 e-con-full e-flex elementor-invisible e-con e-child\" data-id=\"460e038\" data-element_type=\"container\" data-settings=\"{&quot;background_background&quot;:&quot;classic&quot;,&quot;animation&quot;:&quot;fadeInUp&quot;}\">\n\t\t\t\t<div class=\"elementor-element elementor-element-6de33e4 elementor-widget elementor-widget-image\" data-id=\"6de33e4\" data-element_type=\"widget\" data-widget_type=\"image.default\">\n\t\t\t\t<div class=\"elementor-widget-container\">\n\t\t\t\t\t\t\t\t\t\t\t\t\t<img fetchpriority=\"high\" decoding=\"async\" width=\"500\" height=\"262\" src=\"https:\/\/mmwork.ch\/wp-content\/uploads\/2024\/02\/Logo-aggiornato-MMWOOD.png\" class=\"attachment-large size-large wp-image-1255\" alt=\"\" srcset=\"https:\/\/mmwork.ch\/wp-content\/uploads\/2024\/02\/Logo-aggiornato-MMWOOD.png 500w, https:\/\/mmwork.ch\/wp-content\/uploads\/2024\/02\/Logo-aggiornato-MMWOOD-300x157.png 300w\" sizes=\"(max-width: 500px) 100vw, 500px\" \/>\t\t\t\t\t\t\t\t\t\t\t\t\t<\/div>\n\t\t\t\t<\/div>\n\t\t\t\t<\/div>\n\t\t\t\t\t<\/div>\n\t\t\t\t<\/div>\n\t\t<div class=\"elementor-element elementor-element-dc38ddf e-flex e-con-boxed elementor-invisible e-con e-child\" data-id=\"dc38ddf\" data-element_type=\"container\" data-settings=\"{&quot;animation&quot;:&quot;fadeInUp&quot;}\">\n\t\t\t\t\t<div class=\"e-con-inner\">\n\t\t\t\t<div class=\"elementor-element elementor-element-c65e760 elementor-widget elementor-widget-text-editor\" data-id=\"c65e760\" data-element_type=\"widget\" data-widget_type=\"text-editor.default\">\n\t\t\t\t<div class=\"elementor-widget-container\">\n\t\t\t\t\t\t\t<p>MM WOOD est un projet de l\u2019entreprise qui est n\u00e9 de la passion et de l\u2019amour pour le bois et du d\u00e9sir de transmettre des \u00e9motions.<\/p><p>Le d\u00e9sir de cr\u00e9ativit\u00e9 et de mettre en pratique leurs comp\u00e9tences et leur exp\u00e9rience acquises dans le secteur de la menuiserie nous a conduits \u00e0 la cr\u00e9ation de produits uniques mais surtout ECO-DURABLES car ils sont faits \u00e0 la main, avec savoir-faire, 100% naturels et recyclables, compatibles avec les besoins \u00e9cologiques et dans le but de sauvegarder l\u2019environnement.<\/p><p>Le projet MM WOOD vise \u00e0 informer et \u00e0 sensibiliser les clients locaux sur l\u2019importance d\u2019apporter sa contribution au respect de la nature \u00e0 partir des petites choses, comme l\u2019achat d\u2019objets d\u2019usage quotidien fabriqu\u00e9s enti\u00e8rement \u00e0 la main et \u00e0 z\u00e9ro kilom\u00e8tre, donc avec z\u00e9ro \u00e9mission.<\/p><p>Voici quelques exemples de produits que nous fabriquons et que nous identifions \u00e0 notre marque incomparable:<\/p>\t\t\t\t\t\t<\/div>\n\t\t\t\t<\/div>\n\t\t\t\t\t<\/div>\n\t\t\t\t<\/div>\n\t\t<div class=\"elementor-element elementor-element-4dac675 e-flex e-con-boxed elementor-invisible e-con e-child\" data-id=\"4dac675\" data-element_type=\"container\" data-settings=\"{&quot;animation&quot;:&quot;fadeInUp&quot;}\">\n\t\t\t\t\t<div class=\"e-con-inner\">\n\t\t\t\t\t<\/div>\n\t\t\t\t<\/div>\n\t\t<div class=\"elementor-element elementor-element-381bebf e-flex e-con-boxed e-con e-child\" data-id=\"381bebf\" data-element_type=\"container\">\n\t\t\t\t\t<div class=\"e-con-inner\">\n\t\t<div class=\"elementor-element elementor-element-048778c e-con-full e-flex elementor-invisible e-con e-child\" data-id=\"048778c\" data-element_type=\"container\" data-settings=\"{&quot;background_background&quot;:&quot;classic&quot;,&quot;animation&quot;:&quot;fadeInUp&quot;}\">\n\t\t\t\t<div class=\"elementor-element elementor-element-52568ef elementor-widget elementor-widget-image\" data-id=\"52568ef\" data-element_type=\"widget\" data-widget_type=\"image.default\">\n\t\t\t\t<div class=\"elementor-widget-container\">\n\t\t\t\t\t\t\t\t\t\t\t\t\t<img decoding=\"async\" width=\"918\" height=\"1570\" src=\"https:\/\/mmwork.ch\/wp-content\/uploads\/2024\/02\/wood-1--e1707486842563.jpg\" class=\"attachment-full size-full wp-image-952\" alt=\"\" srcset=\"https:\/\/mmwork.ch\/wp-content\/uploads\/2024\/02\/wood-1--e1707486842563.jpg 918w, https:\/\/mmwork.ch\/wp-content\/uploads\/2024\/02\/wood-1--e1707486842563-175x300.jpg 175w, https:\/\/mmwork.ch\/wp-content\/uploads\/2024\/02\/wood-1--e1707486842563-599x1024.jpg 599w, https:\/\/mmwork.ch\/wp-content\/uploads\/2024\/02\/wood-1--e1707486842563-768x1313.jpg 768w, https:\/\/mmwork.ch\/wp-content\/uploads\/2024\/02\/wood-1--e1707486842563-898x1536.jpg 898w\" sizes=\"(max-width: 918px) 100vw, 918px\" \/>\t\t\t\t\t\t\t\t\t\t\t\t\t<\/div>\n\t\t\t\t<\/div>\n\t\t\t\t<\/div>\n\t\t<div class=\"elementor-element elementor-element-c70fba0 e-con-full e-flex elementor-invisible e-con e-child\" data-id=\"c70fba0\" data-element_type=\"container\" data-settings=\"{&quot;animation&quot;:&quot;fadeInUp&quot;,&quot;background_background&quot;:&quot;classic&quot;}\">\n\t\t\t\t<div class=\"elementor-element elementor-element-e50fffc elementor-widget elementor-widget-heading\" data-id=\"e50fffc\" data-element_type=\"widget\" data-widget_type=\"heading.default\">\n\t\t\t\t<div class=\"elementor-widget-container\">\n\t\t\t<h3 class=\"elementor-heading-title elementor-size-default\">Appendi abiti con seduta e scarpiera<\/h3>\t\t<\/div>\n\t\t\t\t<\/div>\n\t\t\t\t<div class=\"elementor-element elementor-element-8caef35 elementor-widget elementor-widget-text-editor\" data-id=\"8caef35\" data-element_type=\"widget\" data-widget_type=\"text-editor.default\">\n\t\t\t\t<div class=\"elementor-widget-container\">\n\t\t\t\t\t\t\tStruttura realizzata interamente in legno \t\t\t\t\t\t<\/div>\n\t\t\t\t<\/div>\n\t\t\t\t<\/div>\n\t\t\t\t\t<\/div>\n\t\t\t\t<\/div>\n\t\t<div class=\"elementor-element elementor-element-76ceab0 e-flex e-con-boxed e-con e-child\" data-id=\"76ceab0\" data-element_type=\"container\">\n\t\t\t\t\t<div class=\"e-con-inner\">\n\t\t<div class=\"elementor-element elementor-element-e44ff2d e-con-full e-flex elementor-invisible e-con e-child\" data-id=\"e44ff2d\" data-element_type=\"container\" data-settings=\"{&quot;animation&quot;:&quot;fadeInUp&quot;,&quot;background_background&quot;:&quot;classic&quot;}\">\n\t\t\t\t<div class=\"elementor-element elementor-element-9546a27 elementor-widget elementor-widget-heading\" data-id=\"9546a27\" data-element_type=\"widget\" data-widget_type=\"heading.default\">\n\t\t\t\t<div class=\"elementor-widget-container\">\n\t\t\t<h3 class=\"elementor-heading-title elementor-size-default\">Appendi abiti a parete<\/h3>\t\t<\/div>\n\t\t\t\t<\/div>\n\t\t\t\t<div class=\"elementor-element elementor-element-b3572d8 elementor-widget elementor-widget-text-editor\" data-id=\"b3572d8\" data-element_type=\"widget\" data-widget_type=\"text-editor.default\">\n\t\t\t\t<div class=\"elementor-widget-container\">\n\t\t\t\t\t\t\t<p>Struttura realizzata interamente in legno<\/p>\t\t\t\t\t\t<\/div>\n\t\t\t\t<\/div>\n\t\t\t\t<\/div>\n\t\t<div class=\"elementor-element elementor-element-c0fda36 e-con-full e-flex elementor-invisible e-con e-child\" data-id=\"c0fda36\" data-element_type=\"container\" data-settings=\"{&quot;background_background&quot;:&quot;classic&quot;,&quot;animation&quot;:&quot;fadeInUp&quot;}\">\n\t\t\t\t<div class=\"elementor-element elementor-element-4bfb8ff elementor-widget elementor-widget-image\" data-id=\"4bfb8ff\" data-element_type=\"widget\" data-widget_type=\"image.default\">\n\t\t\t\t<div class=\"elementor-widget-container\">\n\t\t\t\t\t\t\t\t\t\t\t\t\t<img decoding=\"async\" width=\"800\" height=\"600\" src=\"https:\/\/mmwork.ch\/wp-content\/uploads\/2024\/02\/wood-2-1024x768.jpg\" class=\"attachment-large size-large wp-image-953\" alt=\"\" srcset=\"https:\/\/mmwork.ch\/wp-content\/uploads\/2024\/02\/wood-2-1024x768.jpg 1024w, https:\/\/mmwork.ch\/wp-content\/uploads\/2024\/02\/wood-2-300x225.jpg 300w, https:\/\/mmwork.ch\/wp-content\/uploads\/2024\/02\/wood-2-768x576.jpg 768w, https:\/\/mmwork.ch\/wp-content\/uploads\/2024\/02\/wood-2-1536x1152.jpg 1536w, https:\/\/mmwork.ch\/wp-content\/uploads\/2024\/02\/wood-2.jpg 2040w\" sizes=\"(max-width: 800px) 100vw, 800px\" \/>\t\t\t\t\t\t\t\t\t\t\t\t\t<\/div>\n\t\t\t\t<\/div>\n\t\t\t\t<\/div>\n\t\t\t\t\t<\/div>\n\t\t\t\t<\/div>\n\t\t<div class=\"elementor-element elementor-element-297f242 e-flex e-con-boxed e-con e-child\" data-id=\"297f242\" data-element_type=\"container\">\n\t\t\t\t\t<div class=\"e-con-inner\">\n\t\t<div class=\"elementor-element elementor-element-3ad3514 e-con-full e-flex elementor-invisible e-con e-child\" data-id=\"3ad3514\" data-element_type=\"container\" data-settings=\"{&quot;background_background&quot;:&quot;classic&quot;,&quot;animation&quot;:&quot;fadeInUp&quot;}\">\n\t\t\t\t<div class=\"elementor-element elementor-element-b5deef4 elementor-widget elementor-widget-image\" data-id=\"b5deef4\" data-element_type=\"widget\" data-widget_type=\"image.default\">\n\t\t\t\t<div class=\"elementor-widget-container\">\n\t\t\t\t\t\t\t\t\t\t\t\t\t<img loading=\"lazy\" decoding=\"async\" width=\"800\" height=\"600\" src=\"https:\/\/mmwork.ch\/wp-content\/uploads\/2024\/02\/wood-3-1024x768.jpg\" class=\"attachment-large size-large wp-image-954\" alt=\"\" srcset=\"https:\/\/mmwork.ch\/wp-content\/uploads\/2024\/02\/wood-3-1024x768.jpg 1024w, https:\/\/mmwork.ch\/wp-content\/uploads\/2024\/02\/wood-3-300x225.jpg 300w, https:\/\/mmwork.ch\/wp-content\/uploads\/2024\/02\/wood-3-768x576.jpg 768w, https:\/\/mmwork.ch\/wp-content\/uploads\/2024\/02\/wood-3-1536x1152.jpg 1536w, https:\/\/mmwork.ch\/wp-content\/uploads\/2024\/02\/wood-3.jpg 2040w\" sizes=\"(max-width: 800px) 100vw, 800px\" \/>\t\t\t\t\t\t\t\t\t\t\t\t\t<\/div>\n\t\t\t\t<\/div>\n\t\t\t\t<\/div>\n\t\t<div class=\"elementor-element elementor-element-8e6a520 e-con-full e-flex elementor-invisible e-con e-child\" data-id=\"8e6a520\" data-element_type=\"container\" data-settings=\"{&quot;animation&quot;:&quot;fadeInUp&quot;,&quot;background_background&quot;:&quot;classic&quot;}\">\n\t\t\t\t<div class=\"elementor-element elementor-element-97dcff5 elementor-widget elementor-widget-heading\" data-id=\"97dcff5\" data-element_type=\"widget\" data-widget_type=\"heading.default\">\n\t\t\t\t<div class=\"elementor-widget-container\">\n\t\t\t<h3 class=\"elementor-heading-title elementor-size-default\">Cassa porta legna <\/h3>\t\t<\/div>\n\t\t\t\t<\/div>\n\t\t\t\t<div class=\"elementor-element elementor-element-8d0e232 elementor-widget elementor-widget-text-editor\" data-id=\"8d0e232\" data-element_type=\"widget\" data-widget_type=\"text-editor.default\">\n\t\t\t\t<div class=\"elementor-widget-container\">\n\t\t\t\t\t\t\t<p>Struttura realizzata interamente in legno<\/p>\t\t\t\t\t\t<\/div>\n\t\t\t\t<\/div>\n\t\t\t\t<\/div>\n\t\t\t\t\t<\/div>\n\t\t\t\t<\/div>\n\t\t<div class=\"elementor-element elementor-element-9c6acce e-flex e-con-boxed e-con e-child\" data-id=\"9c6acce\" data-element_type=\"container\">\n\t\t\t\t\t<div class=\"e-con-inner\">\n\t\t<div class=\"elementor-element elementor-element-beb57c0 e-con-full e-flex elementor-invisible e-con e-child\" data-id=\"beb57c0\" data-element_type=\"container\" data-settings=\"{&quot;animation&quot;:&quot;fadeInUp&quot;,&quot;background_background&quot;:&quot;classic&quot;}\">\n\t\t\t\t<div class=\"elementor-element elementor-element-d769d9e elementor-widget elementor-widget-heading\" data-id=\"d769d9e\" data-element_type=\"widget\" data-widget_type=\"heading.default\">\n\t\t\t\t<div class=\"elementor-widget-container\">\n\t\t\t<h3 class=\"elementor-heading-title elementor-size-default\">Supporto bicicletta per riparazione <\/h3>\t\t<\/div>\n\t\t\t\t<\/div>\n\t\t\t\t<div class=\"elementor-element elementor-element-59150a6 elementor-widget elementor-widget-text-editor\" data-id=\"59150a6\" data-element_type=\"widget\" data-widget_type=\"text-editor.default\">\n\t\t\t\t<div class=\"elementor-widget-container\">\n\t\t\t\t\t\t\t<p>Struttura realizzata interamente in legno<\/p>\t\t\t\t\t\t<\/div>\n\t\t\t\t<\/div>\n\t\t\t\t<\/div>\n\t\t<div class=\"elementor-element elementor-element-ade93e4 e-con-full e-flex elementor-invisible e-con e-child\" data-id=\"ade93e4\" data-element_type=\"container\" data-settings=\"{&quot;background_background&quot;:&quot;classic&quot;,&quot;animation&quot;:&quot;fadeInUp&quot;}\">\n\t\t\t\t<div class=\"elementor-element elementor-element-8f51c4f elementor-widget elementor-widget-image\" data-id=\"8f51c4f\" data-element_type=\"widget\" data-widget_type=\"image.default\">\n\t\t\t\t<div class=\"elementor-widget-container\">\n\t\t\t\t\t\t\t\t\t\t\t\t\t<img loading=\"lazy\" decoding=\"async\" width=\"800\" height=\"700\" src=\"https:\/\/mmwork.ch\/wp-content\/uploads\/2024\/02\/wood-4-e1707486679951-1024x896.jpg\" class=\"attachment-large size-large wp-image-951\" alt=\"\" srcset=\"https:\/\/mmwork.ch\/wp-content\/uploads\/2024\/02\/wood-4-e1707486679951-1024x896.jpg 1024w, https:\/\/mmwork.ch\/wp-content\/uploads\/2024\/02\/wood-4-e1707486679951-300x263.jpg 300w, https:\/\/mmwork.ch\/wp-content\/uploads\/2024\/02\/wood-4-e1707486679951-768x672.jpg 768w, https:\/\/mmwork.ch\/wp-content\/uploads\/2024\/02\/wood-4-e1707486679951.jpg 1530w\" sizes=\"(max-width: 800px) 100vw, 800px\" \/>\t\t\t\t\t\t\t\t\t\t\t\t\t<\/div>\n\t\t\t\t<\/div>\n\t\t\t\t<\/div>\n\t\t\t\t\t<\/div>\n\t\t\t\t<\/div>\n\t\t<div class=\"elementor-element elementor-element-b352eca e-flex e-con-boxed e-con e-child\" data-id=\"b352eca\" data-element_type=\"container\">\n\t\t\t\t\t<div class=\"e-con-inner\">\n\t\t<div class=\"elementor-element elementor-element-860d7c2 e-flex e-con-boxed elementor-invisible e-con e-child\" data-id=\"860d7c2\" data-element_type=\"container\" data-settings=\"{&quot;animation&quot;:&quot;fadeInUp&quot;,&quot;background_background&quot;:&quot;classic&quot;}\">\n\t\t\t\t\t<div class=\"e-con-inner\">\n\t\t\t\t<div class=\"elementor-element elementor-element-ffb3ef9 elementor-widget elementor-widget-heading\" data-id=\"ffb3ef9\" data-element_type=\"widget\" data-widget_type=\"heading.default\">\n\t\t\t\t<div class=\"elementor-widget-container\">\n\t\t\t<h3 class=\"elementor-heading-title elementor-size-default\">Altre Strutture<\/h3>\t\t<\/div>\n\t\t\t\t<\/div>\n\t\t\t\t<div class=\"elementor-element elementor-element-2c885ca elementor-widget elementor-widget-text-editor\" data-id=\"2c885ca\" data-element_type=\"widget\" data-widget_type=\"text-editor.default\">\n\t\t\t\t<div class=\"elementor-widget-container\">\n\t\t\t\t\t\t\t<p>Strutture realizzate interamente in legno<\/p>\t\t\t\t\t\t<\/div>\n\t\t\t\t<\/div>\n\t\t\t\t\t<\/div>\n\t\t\t\t<\/div>\n\t\t\t\t\t<\/div>\n\t\t\t\t<\/div>\n\t\t<div class=\"elementor-element elementor-element-a33ea9a e-flex e-con-boxed elementor-invisible e-con e-child\" data-id=\"a33ea9a\" data-element_type=\"container\" data-settings=\"{&quot;background_background&quot;:&quot;classic&quot;,&quot;animation&quot;:&quot;fadeInUp&quot;}\">\n\t\t\t\t\t<div class=\"e-con-inner\">\n\t\t\t\t<div class=\"elementor-element elementor-element-3179a93 elementor-widget elementor-widget-image\" data-id=\"3179a93\" data-element_type=\"widget\" data-widget_type=\"image.default\">\n\t\t\t\t<div class=\"elementor-widget-container\">\n\t\t\t\t\t\t\t\t\t\t\t\t\t<img loading=\"lazy\" decoding=\"async\" width=\"768\" height=\"1024\" src=\"https:\/\/mmwork.ch\/wp-content\/uploads\/2024\/04\/03-768x1024.jpg\" class=\"attachment-large size-large wp-image-2470\" alt=\"\" srcset=\"https:\/\/mmwork.ch\/wp-content\/uploads\/2024\/04\/03-768x1024.jpg 768w, https:\/\/mmwork.ch\/wp-content\/uploads\/2024\/04\/03-225x300.jpg 225w, https:\/\/mmwork.ch\/wp-content\/uploads\/2024\/04\/03-1152x1536.jpg 1152w, https:\/\/mmwork.ch\/wp-content\/uploads\/2024\/04\/03.jpg 1530w\" sizes=\"(max-width: 768px) 100vw, 768px\" \/>\t\t\t\t\t\t\t\t\t\t\t\t\t<\/div>\n\t\t\t\t<\/div>\n\t\t\t\t<div class=\"elementor-element elementor-element-d0691d7 elementor-widget elementor-widget-image\" data-id=\"d0691d7\" data-element_type=\"widget\" data-widget_type=\"image.default\">\n\t\t\t\t<div class=\"elementor-widget-container\">\n\t\t\t\t\t\t\t\t\t\t\t\t\t<img loading=\"lazy\" decoding=\"async\" width=\"800\" height=\"600\" src=\"https:\/\/mmwork.ch\/wp-content\/uploads\/2024\/04\/02-1024x768.jpg\" class=\"attachment-large size-large wp-image-2466\" alt=\"\" srcset=\"https:\/\/mmwork.ch\/wp-content\/uploads\/2024\/04\/02-1024x768.jpg 1024w, https:\/\/mmwork.ch\/wp-content\/uploads\/2024\/04\/02-300x225.jpg 300w, https:\/\/mmwork.ch\/wp-content\/uploads\/2024\/04\/02-768x576.jpg 768w, https:\/\/mmwork.ch\/wp-content\/uploads\/2024\/04\/02-1536x1152.jpg 1536w, https:\/\/mmwork.ch\/wp-content\/uploads\/2024\/04\/02.jpg 2040w\" sizes=\"(max-width: 800px) 100vw, 800px\" \/>\t\t\t\t\t\t\t\t\t\t\t\t\t<\/div>\n\t\t\t\t<\/div>\n\t\t\t\t<div class=\"elementor-element elementor-element-221220a elementor-widget elementor-widget-image\" data-id=\"221220a\" data-element_type=\"widget\" data-widget_type=\"image.default\">\n\t\t\t\t<div class=\"elementor-widget-container\">\n\t\t\t\t\t\t\t\t\t\t\t\t\t<img loading=\"lazy\" decoding=\"async\" width=\"768\" height=\"1024\" src=\"https:\/\/mmwork.ch\/wp-content\/uploads\/2024\/04\/01-768x1024.jpg\" class=\"attachment-large size-large wp-image-2462\" alt=\"\" srcset=\"https:\/\/mmwork.ch\/wp-content\/uploads\/2024\/04\/01-768x1024.jpg 768w, https:\/\/mmwork.ch\/wp-content\/uploads\/2024\/04\/01-225x300.jpg 225w, https:\/\/mmwork.ch\/wp-content\/uploads\/2024\/04\/01-1152x1536.jpg 1152w, https:\/\/mmwork.ch\/wp-content\/uploads\/2024\/04\/01.jpg 1530w\" sizes=\"(max-width: 768px) 100vw, 768px\" \/>\t\t\t\t\t\t\t\t\t\t\t\t\t<\/div>\n\t\t\t\t<\/div>\n\t\t\t\t\t<\/div>\n\t\t\t\t<\/div>\n\t\t<div class=\"elementor-element elementor-element-a377dc6 e-flex e-con-boxed elementor-invisible e-con e-child\" data-id=\"a377dc6\" data-element_type=\"container\" data-settings=\"{&quot;background_background&quot;:&quot;classic&quot;,&quot;animation&quot;:&quot;fadeInUp&quot;}\">\n\t\t\t\t\t<div class=\"e-con-inner\">\n\t\t\t\t<div class=\"elementor-element elementor-element-4248298 elementor-widget elementor-widget-image\" data-id=\"4248298\" data-element_type=\"widget\" data-widget_type=\"image.default\">\n\t\t\t\t<div class=\"elementor-widget-container\">\n\t\t\t\t\t\t\t\t\t\t\t\t\t<img loading=\"lazy\" decoding=\"async\" width=\"767\" height=\"1024\" src=\"https:\/\/mmwork.ch\/wp-content\/uploads\/2024\/06\/Immagine1-767x1024.jpg\" class=\"attachment-large size-large wp-image-2544\" alt=\"\" srcset=\"https:\/\/mmwork.ch\/wp-content\/uploads\/2024\/06\/Immagine1-767x1024.jpg 767w, https:\/\/mmwork.ch\/wp-content\/uploads\/2024\/06\/Immagine1-225x300.jpg 225w, https:\/\/mmwork.ch\/wp-content\/uploads\/2024\/06\/Immagine1-768x1026.jpg 768w, https:\/\/mmwork.ch\/wp-content\/uploads\/2024\/06\/Immagine1.jpg 1100w\" sizes=\"(max-width: 767px) 100vw, 767px\" \/>\t\t\t\t\t\t\t\t\t\t\t\t\t<\/div>\n\t\t\t\t<\/div>\n\t\t\t\t<div class=\"elementor-element elementor-element-af38649 elementor-widget elementor-widget-image\" data-id=\"af38649\" data-element_type=\"widget\" data-widget_type=\"image.default\">\n\t\t\t\t<div class=\"elementor-widget-container\">\n\t\t\t\t\t\t\t\t\t\t\t\t\t<img loading=\"lazy\" decoding=\"async\" width=\"800\" height=\"599\" src=\"https:\/\/mmwork.ch\/wp-content\/uploads\/2024\/06\/Immagine2-1024x767.jpg\" class=\"attachment-large size-large wp-image-2548\" alt=\"\" srcset=\"https:\/\/mmwork.ch\/wp-content\/uploads\/2024\/06\/Immagine2-1024x767.jpg 1024w, https:\/\/mmwork.ch\/wp-content\/uploads\/2024\/06\/Immagine2-300x225.jpg 300w, https:\/\/mmwork.ch\/wp-content\/uploads\/2024\/06\/Immagine2-768x575.jpg 768w, https:\/\/mmwork.ch\/wp-content\/uploads\/2024\/06\/Immagine2.jpg 1469w\" sizes=\"(max-width: 800px) 100vw, 800px\" \/>\t\t\t\t\t\t\t\t\t\t\t\t\t<\/div>\n\t\t\t\t<\/div>\n\t\t\t\t<div class=\"elementor-element elementor-element-bd4aa0a elementor-widget elementor-widget-image\" data-id=\"bd4aa0a\" data-element_type=\"widget\" data-widget_type=\"image.default\">\n\t\t\t\t<div class=\"elementor-widget-container\">\n\t\t\t\t\t\t\t\t\t\t\t\t\t<img loading=\"lazy\" decoding=\"async\" width=\"800\" height=\"599\" src=\"https:\/\/mmwork.ch\/wp-content\/uploads\/2024\/06\/Immagine3-1024x767.jpg\" class=\"attachment-large size-large wp-image-2552\" alt=\"\" srcset=\"https:\/\/mmwork.ch\/wp-content\/uploads\/2024\/06\/Immagine3-1024x767.jpg 1024w, https:\/\/mmwork.ch\/wp-content\/uploads\/2024\/06\/Immagine3-300x225.jpg 300w, https:\/\/mmwork.ch\/wp-content\/uploads\/2024\/06\/Immagine3-768x575.jpg 768w, https:\/\/mmwork.ch\/wp-content\/uploads\/2024\/06\/Immagine3.jpg 1469w\" sizes=\"(max-width: 800px) 100vw, 800px\" \/>\t\t\t\t\t\t\t\t\t\t\t\t\t<\/div>\n\t\t\t\t<\/div>\n\t\t\t\t\t<\/div>\n\t\t\t\t<\/div>\n\t\t\t\t\t<\/div>\n\t\t\t\t<\/div>\n\t\t\t\t<\/div>\n\t\t","protected":false},"excerpt":{"rendered":"<p>MMWOOD MM WOOD est un projet de l\u2019entreprise qui est n\u00e9 de la passion et de l\u2019amour pour le bois et du d\u00e9sir de transmettre des \u00e9motions. Le d\u00e9sir de cr\u00e9ativit\u00e9 et de mettre en pratique leurs comp\u00e9tences et leur exp\u00e9rience acquises dans le secteur de la menuiserie nous a conduits \u00e0 la cr\u00e9ation de [&hellip;]<\/p>\n","protected":false},"author":1,"featured_media":0,"parent":0,"menu_order":0,"comment_status":"closed","ping_status":"closed","template":"elementor_header_footer","meta":{"footnotes":""},"class_list":["post-2272","page","type-page","status-publish","hentry"],"_links":{"self":[{"href":"https:\/\/mmwork.ch\/fr\/wp-json\/wp\/v2\/pages\/2272","targetHints":{"allow":["GET"]}}],"collection":[{"href":"https:\/\/mmwork.ch\/fr\/wp-json\/wp\/v2\/pages"}],"about":[{"href":"https:\/\/mmwork.ch\/fr\/wp-json\/wp\/v2\/types\/page"}],"author":[{"embeddable":true,"href":"https:\/\/mmwork.ch\/fr\/wp-json\/wp\/v2\/users\/1"}],"replies":[{"embeddable":true,"href":"https:\/\/mmwork.ch\/fr\/wp-json\/wp\/v2\/comments?post=2272"}],"version-history":[{"count":7,"href":"https:\/\/mmwork.ch\/fr\/wp-json\/wp\/v2\/pages\/2272\/revisions"}],"predecessor-version":[{"id":2568,"href":"https:\/\/mmwork.ch\/fr\/wp-json\/wp\/v2\/pages\/2272\/revisions\/2568"}],"wp:attachment":[{"href":"https:\/\/mmwork.ch\/fr\/wp-json\/wp\/v2\/media?parent=2272"}],"curies":[{"name":"wp","href":"https:\/\/api.w.org\/{rel}","templated":true}]}}