{"id":2295,"date":"2024-01-15T07:48:25","date_gmt":"2024-01-15T06:48:25","guid":{"rendered":"https:\/\/mmwork.ch\/?page_id=2295"},"modified":"2024-03-07T09:38:23","modified_gmt":"2024-03-07T08:38:23","slug":"equipe","status":"publish","type":"page","link":"https:\/\/mmwork.ch\/fr\/equipe\/","title":{"rendered":"\u00c9QUIPE"},"content":{"rendered":"\t\t<div data-elementor-type=\"wp-page\" data-elementor-id=\"2295\" class=\"elementor elementor-2295\" data-elementor-post-type=\"page\">\n\t\t\t\t<div class=\"elementor-element elementor-element-51664ea e-flex e-con-boxed e-con e-parent\" data-id=\"51664ea\" data-element_type=\"container\" data-settings=\"{&quot;background_background&quot;:&quot;classic&quot;}\">\n\t\t\t\t\t<div class=\"e-con-inner\">\n\t\t\t\t<div class=\"elementor-element elementor-element-412523f elementor-widget elementor-widget-heading\" data-id=\"412523f\" data-element_type=\"widget\" data-widget_type=\"heading.default\">\n\t\t\t\t<div class=\"elementor-widget-container\">\n\t\t\t<h2 class=\"elementor-heading-title elementor-size-default\">L'\u00c9QUIPE<\/h2>\t\t<\/div>\n\t\t\t\t<\/div>\n\t\t\t\t<div class=\"elementor-element elementor-element-98e2839 elementor-widget__width-auto premium-floating-effects-yes elementor-headline--style-highlight elementor-invisible elementor-widget elementor-widget-animated-headline\" data-id=\"98e2839\" data-element_type=\"widget\" data-settings=\"{&quot;highlighted_text&quot;:&quot;\\&quot;Visage\\&quot;&quot;,&quot;_animation&quot;:&quot;fadeInLeft&quot;,&quot;highlight_iteration_delay&quot;:2000,&quot;_animation_delay&quot;:400,&quot;headline_style&quot;:&quot;highlight&quot;,&quot;marker&quot;:&quot;circle&quot;,&quot;loop&quot;:&quot;yes&quot;,&quot;highlight_animation_duration&quot;:1200,&quot;premium_fe_direction&quot;:&quot;alternate&quot;,&quot;premium_fe_loop&quot;:&quot;default&quot;,&quot;premium_fe_easing&quot;:&quot;easeInOutSine&quot;}\" data-widget_type=\"animated-headline.default\">\n\t\t\t\t<div class=\"elementor-widget-container\">\n\t\t\t\t\t<h3 class=\"elementor-headline\">\n\t\t\t\t\t<span class=\"elementor-headline-plain-text elementor-headline-text-wrapper\">Nous y mettons notre<\/span>\n\t\t\t\t<span class=\"elementor-headline-dynamic-wrapper elementor-headline-text-wrapper\">\n\t\t\t\t\t<span class=\"elementor-headline-dynamic-text elementor-headline-text-active\">\"Visage\"<\/span>\n\t\t\t\t<\/span>\n\t\t\t\t<\/h3>\n\t\t\t\t<\/div>\n\t\t\t\t<\/div>\n\t\t\t\t\t<\/div>\n\t\t\t\t<\/div>\n\t\t<div class=\"elementor-element elementor-element-d67dfaa e-flex e-con-boxed e-con e-parent\" data-id=\"d67dfaa\" data-element_type=\"container\">\n\t\t\t\t\t<div class=\"e-con-inner\">\n\t\t<div class=\"elementor-element elementor-element-cc4dc29 e-flex e-con-boxed e-con e-child\" data-id=\"cc4dc29\" data-element_type=\"container\">\n\t\t\t\t\t<div class=\"e-con-inner\">\n\t\t\t\t<div class=\"elementor-element elementor-element-dd72666 elementor-widget elementor-widget-premium-addon-person\" data-id=\"dd72666\" data-element_type=\"widget\" data-settings=\"{&quot;persons_per_row_tablet&quot;:&quot;50%&quot;,&quot;persons_per_row&quot;:&quot;33.33%&quot;,&quot;persons_per_row_mobile&quot;:&quot;100%&quot;}\" data-widget_type=\"premium-addon-person.default\">\n\t\t\t\t<div class=\"elementor-widget-container\">\n\t\t\t\t\t<div class=\"premium-persons-container premium-person-style2 multiple-persons\" data-persons-equal=\"\">\n\t\t\t\t\t\t\t\t<div class=\"premium-person-container premium-person-zoomin-effect\">\n\t\t\t\t\t\t<div class=\"premium-person-image-container\">\n\t\t\t\t\t\t\t<img fetchpriority=\"high\" decoding=\"async\" width=\"1536\" height=\"2048\" src=\"https:\/\/mmwork.ch\/wp-content\/uploads\/2024\/02\/foto-mario.jpg\" class=\"attachment-full size-full wp-image-1170\" alt=\"\" srcset=\"https:\/\/mmwork.ch\/wp-content\/uploads\/2024\/02\/foto-mario.jpg 1536w, https:\/\/mmwork.ch\/wp-content\/uploads\/2024\/02\/foto-mario-225x300.jpg 225w, https:\/\/mmwork.ch\/wp-content\/uploads\/2024\/02\/foto-mario-768x1024.jpg 768w, https:\/\/mmwork.ch\/wp-content\/uploads\/2024\/02\/foto-mario-1152x1536.jpg 1152w\" sizes=\"(max-width: 1536px) 100vw, 1536px\" \/>\t\t\t\t\t\t\t\t\t\t\t\t\t<\/div>\n\t\t\t\t\t\t<div class=\"premium-person-info\">\n\t\t\t\t\t\t\t\t\t\t<div class=\"premium-person-info-container\">\n\t\t\t\t\t\t\t\t\t<h4 class=\"premium-person-name\">\n\t\t\t\t\t\tMario Monteverdi\t\t\t\t\t<\/h4>\n\t\t\t\t\t\t\t\t\t\t\t<h6 class=\"premium-person-title\">\n\t\t\t\t\t\t\t<span>Directeur G\u00e9n\u00e9ral Concepteur<\/span>\n\t\t\t\t\t\t<\/h6>\n\t\t\t\t\t\t\t\t\t\t\t<div class=\"premium-person-content\">\n\t\t\t\t\t\t\tPropri\u00e9taire et g\u00e9rant de la soci\u00e9t\u00e9. Artisan de seulement 25 ans, son parcours de formation a commenc\u00e9 d&rsquo;abord comme m\u00e9tallurgiste produisant des cadres en aluminium avec sa propre entreprise et plus tard sp\u00e9cialis\u00e9 dans l&rsquo;installation apr\u00e8s avoir particip\u00e9 \u00e0 d&rsquo;importants projets du secteur. Il accro\u00eet sa richesse d&rsquo;exp\u00e9rience en s&rsquo;\u00e9tablissant en Suisse comme menuisier. Pr\u00e9cis, en phase avec son temps et toujours \u00e0 la recherche de nouveaux d\u00e9fis pour grandir.\t\t\t\t\t\t<\/div>\n\t\t\t\t\t\t\t\t<\/div>\n\t\t\t\t\t\t\t\t\t<\/div>\n\t\t\t\t\t<\/div>\n\t\t\t\t\t\t\t\t\t\t<div class=\"premium-person-container premium-person-zoomin-effect\">\n\t\t\t\t\t\t<div class=\"premium-person-image-container\">\n\t\t\t\t\t\t\t<img decoding=\"async\" width=\"918\" height=\"1311\" src=\"https:\/\/mmwork.ch\/wp-content\/uploads\/2024\/02\/Spataru-Constantin_2.jpg\" class=\"attachment-full size-full wp-image-765\" alt=\"\" srcset=\"https:\/\/mmwork.ch\/wp-content\/uploads\/2024\/02\/Spataru-Constantin_2.jpg 918w, https:\/\/mmwork.ch\/wp-content\/uploads\/2024\/02\/Spataru-Constantin_2-210x300.jpg 210w, https:\/\/mmwork.ch\/wp-content\/uploads\/2024\/02\/Spataru-Constantin_2-717x1024.jpg 717w, https:\/\/mmwork.ch\/wp-content\/uploads\/2024\/02\/Spataru-Constantin_2-768x1097.jpg 768w\" sizes=\"(max-width: 918px) 100vw, 918px\" \/>\t\t\t\t\t\t\t\t\t\t\t\t\t<\/div>\n\t\t\t\t\t\t<div class=\"premium-person-info\">\n\t\t\t\t\t\t\t\t\t\t<div class=\"premium-person-info-container\">\n\t\t\t\t\t\t\t\t\t<h4 class=\"premium-person-name\">\n\t\t\t\t\t\tConstantin Spataru\t\t\t\t\t<\/h4>\n\t\t\t\t\t\t\t\t\t\t\t<h6 class=\"premium-person-title\">\n\t\t\t\t\t\t\t<span>Installateur qualifi\u00e9<\/span>\n\t\t\t\t\t\t<\/h6>\n\t\t\t\t\t\t\t\t\t\t\t<div class=\"premium-person-content\">\n\t\t\t\t\t\t\t<p>Chef d&rsquo;\u00e9quipe d\u00e9termin\u00e9 et efficace dans l&rsquo;atteinte des objectifs de l&rsquo;\u00c9QUIPE, il est un installateur habile de murs-rideaux, cellules, fen\u00eatres et structures de tous genres. Il a particip\u00e9 \u00e0 la construction d&rsquo;ouvrages majeurs tels que \u00ab\u00a0Pont Rouge\u00a0\u00bb, \u00ab\u00a0Etang\u00a0\u00bb, \u00ab\u00a0CERN\u00a0\u00bb et \u00ab\u00a0OMS\u00a0\u00bb \u00e0 Gen\u00e8ve, \u00ab\u00a0CSL Behring\u00a0\u00bb \u00e0 Berne et \u00ab\u00a0Andermatt Tourism Resort\u00a0\u00bb \u00e0 Andermatt.<\/p>\t\t\t\t\t\t<\/div>\n\t\t\t\t\t\t\t\t<\/div>\n\t\t\t\t\t\t\t\t\t<\/div>\n\t\t\t\t\t<\/div>\n\t\t\t\t\t\t\t\t\t\t<div class=\"premium-person-container premium-person-zoomin-effect\">\n\t\t\t\t\t\t<div class=\"premium-person-image-container\">\n\t\t\t\t\t\t\t<img decoding=\"async\" width=\"918\" height=\"2048\" src=\"https:\/\/mmwork.ch\/wp-content\/uploads\/2024\/02\/Mutianu-Florin.jpg\" class=\"attachment-full size-full wp-image-715\" alt=\"\" srcset=\"https:\/\/mmwork.ch\/wp-content\/uploads\/2024\/02\/Mutianu-Florin.jpg 918w, https:\/\/mmwork.ch\/wp-content\/uploads\/2024\/02\/Mutianu-Florin-134x300.jpg 134w, https:\/\/mmwork.ch\/wp-content\/uploads\/2024\/02\/Mutianu-Florin-459x1024.jpg 459w, https:\/\/mmwork.ch\/wp-content\/uploads\/2024\/02\/Mutianu-Florin-768x1713.jpg 768w, https:\/\/mmwork.ch\/wp-content\/uploads\/2024\/02\/Mutianu-Florin-689x1536.jpg 689w\" sizes=\"(max-width: 918px) 100vw, 918px\" \/>\t\t\t\t\t\t\t\t\t\t\t\t\t<\/div>\n\t\t\t\t\t\t<div class=\"premium-person-info\">\n\t\t\t\t\t\t\t\t\t\t<div class=\"premium-person-info-container\">\n\t\t\t\t\t\t\t\t\t<h4 class=\"premium-person-name\">\n\t\t\t\t\t\tFlorin Mutianu \t\t\t\t\t<\/h4>\n\t\t\t\t\t\t\t\t\t\t\t<h6 class=\"premium-person-title\">\n\t\t\t\t\t\t\t<span>Installateur qualifi\u00e9<\/span>\n\t\t\t\t\t\t<\/h6>\n\t\t\t\t\t\t\t\t\t\t\t<div class=\"premium-person-content\">\n\t\t\t\t\t\t\t<p>Contrema\u00eetre reconnu pour son sens de l&rsquo;organisation et son souci des finitions, installateur des agencements et vitrages, il poss\u00e8de \u00e9galement une exp\u00e9rience dans le domaine des travaux de grande envergure<br \/>particip\u00e9 \u00e0 des chantiers tels que \u00ab\u00a0Nestl\u00e9\u00a0\u00bb \u00e0 Vevey, \u00ab\u00a0Tourbillon\u00a0\u00bb et \u00ab\u00a0Nouvelle Commedi\u00a0\u00bb \u00e0<br \/>Gen\u00e8ve, \u00ab Cocoon \u00bb et \u00ab Bussigny \u00bb, \u00ab EPFL \u00bb \u00e0 Lausanne et \u00ab Andermatt Tourism Resort \u00bb \u00e0 Andermatt.<\/p>\t\t\t\t\t\t<\/div>\n\t\t\t\t\t\t\t\t<\/div>\n\t\t\t\t\t\t\t\t\t<\/div>\n\t\t\t\t\t<\/div>\n\t\t\t\t\t\t\t\t\t\t<div class=\"premium-person-container premium-person-zoomin-effect\">\n\t\t\t\t\t\t<div class=\"premium-person-image-container\">\n\t\t\t\t\t\t\t<img loading=\"lazy\" decoding=\"async\" width=\"918\" height=\"1320\" src=\"https:\/\/mmwork.ch\/wp-content\/uploads\/2024\/02\/Timis-Luciano_1.jpg\" class=\"attachment-full size-full wp-image-746\" alt=\"\" srcset=\"https:\/\/mmwork.ch\/wp-content\/uploads\/2024\/02\/Timis-Luciano_1.jpg 918w, https:\/\/mmwork.ch\/wp-content\/uploads\/2024\/02\/Timis-Luciano_1-209x300.jpg 209w, https:\/\/mmwork.ch\/wp-content\/uploads\/2024\/02\/Timis-Luciano_1-712x1024.jpg 712w, https:\/\/mmwork.ch\/wp-content\/uploads\/2024\/02\/Timis-Luciano_1-768x1104.jpg 768w\" sizes=\"(max-width: 918px) 100vw, 918px\" \/>\t\t\t\t\t\t\t\t\t\t\t\t\t<\/div>\n\t\t\t\t\t\t<div class=\"premium-person-info\">\n\t\t\t\t\t\t\t\t\t\t<div class=\"premium-person-info-container\">\n\t\t\t\t\t\t\t\t\t<h4 class=\"premium-person-name\">\n\t\t\t\t\t\tLuciano Timis\t\t\t\t\t<\/h4>\n\t\t\t\t\t\t\t\t\t\t\t<h6 class=\"premium-person-title\">\n\t\t\t\t\t\t\t<span>Installateur qualifi\u00e9<\/span>\n\t\t\t\t\t\t<\/h6>\n\t\t\t\t\t\t\t\t\t\t\t<div class=\"premium-person-content\">\n\t\t\t\t\t\t\tInstallateur valide et fiable, il travaille depuis plusieurs ann\u00e9es dans le domaine de l&rsquo;assemblage de structures de toutes sortes et se tient au \u00ab\u00a0RHO FIERE\u00a0\u00bb \u00e0 Milan. Disponible pour se mettre au service de l&rsquo;\u00c9QUIPE, il est rapidement devenu un ouvrier capable d&rsquo;affronter et de compl\u00e9ter les d\u00e9fis qui se pr\u00e9sentent m\u00eame sur les grands chantiers de construction.\t\t\t\t\t\t<\/div>\n\t\t\t\t\t\t\t\t<\/div>\n\t\t\t\t\t\t\t\t\t<\/div>\n\t\t\t\t\t<\/div>\n\t\t\t\t\t\t\t\t\t\t<div class=\"premium-person-container premium-person-zoomin-effect\">\n\t\t\t\t\t\t<div class=\"premium-person-image-container\">\n\t\t\t\t\t\t\t<img loading=\"lazy\" decoding=\"async\" width=\"918\" height=\"1100\" src=\"https:\/\/mmwork.ch\/wp-content\/uploads\/2024\/02\/2-1.jpg\" class=\"attachment-full size-full wp-image-844\" alt=\"\" srcset=\"https:\/\/mmwork.ch\/wp-content\/uploads\/2024\/02\/2-1.jpg 918w, https:\/\/mmwork.ch\/wp-content\/uploads\/2024\/02\/2-1-250x300.jpg 250w, https:\/\/mmwork.ch\/wp-content\/uploads\/2024\/02\/2-1-855x1024.jpg 855w, https:\/\/mmwork.ch\/wp-content\/uploads\/2024\/02\/2-1-768x920.jpg 768w\" sizes=\"(max-width: 918px) 100vw, 918px\" \/>\t\t\t\t\t\t\t\t\t\t\t\t\t<\/div>\n\t\t\t\t\t\t<div class=\"premium-person-info\">\n\t\t\t\t\t\t\t\t\t\t<div class=\"premium-person-info-container\">\n\t\t\t\t\t\t\t\t\t<h4 class=\"premium-person-name\">\n\t\t\t\t\t\tFabiano Cucco\t\t\t\t\t<\/h4>\n\t\t\t\t\t\t\t\t\t\t\t<h6 class=\"premium-person-title\">\n\t\t\t\t\t\t\t<span>Installateur<\/span>\n\t\t\t\t\t\t<\/h6>\n\t\t\t\t\t\t\t\t\t\t\t<div class=\"premium-person-content\">\n\t\t\t\t\t\t\t<p>Installateur valide et fiable, il travaille depuis plusieurs ann\u00e9es dans le domaine de l&rsquo;assemblage de structures de toutes sortes et se tient au \u00ab\u00a0RHO FIERE\u00a0\u00bb \u00e0 Milan. Disponible pour se mettre au service de l&rsquo;\u00c9QUIPE, il est rapidement devenu un ouvrier capable d&rsquo;affronter et de compl\u00e9ter les d\u00e9fis qui se pr\u00e9sentent m\u00eame sur les grands chantiers de construction.<\/p>\t\t\t\t\t\t<\/div>\n\t\t\t\t\t\t\t\t<\/div>\n\t\t\t\t\t\t\t\t\t<\/div>\n\t\t\t\t\t<\/div>\n\t\t\t\t\t\t\t\t\t\t<div class=\"premium-person-container premium-person-zoomin-effect\">\n\t\t\t\t\t\t<div class=\"premium-person-image-container\">\n\t\t\t\t\t\t\t<img loading=\"lazy\" decoding=\"async\" width=\"918\" height=\"1325\" src=\"https:\/\/mmwork.ch\/wp-content\/uploads\/2024\/02\/Cicoria-Andrea_1.jpg\" class=\"attachment-full size-full wp-image-738\" alt=\"\" srcset=\"https:\/\/mmwork.ch\/wp-content\/uploads\/2024\/02\/Cicoria-Andrea_1.jpg 918w, https:\/\/mmwork.ch\/wp-content\/uploads\/2024\/02\/Cicoria-Andrea_1-208x300.jpg 208w, https:\/\/mmwork.ch\/wp-content\/uploads\/2024\/02\/Cicoria-Andrea_1-709x1024.jpg 709w, https:\/\/mmwork.ch\/wp-content\/uploads\/2024\/02\/Cicoria-Andrea_1-768x1108.jpg 768w\" sizes=\"(max-width: 918px) 100vw, 918px\" \/>\t\t\t\t\t\t\t\t\t\t\t\t\t<\/div>\n\t\t\t\t\t\t<div class=\"premium-person-info\">\n\t\t\t\t\t\t\t\t\t\t<div class=\"premium-person-info-container\">\n\t\t\t\t\t\t\t\t\t<h4 class=\"premium-person-name\">\n\t\t\t\t\t\tAndrea Cicoria\t\t\t\t\t<\/h4>\n\t\t\t\t\t\t\t\t\t\t\t<h6 class=\"premium-person-title\">\n\t\t\t\t\t\t\t<span>Assistante d'installation<\/span>\n\t\t\t\t\t\t<\/h6>\n\t\t\t\t\t\t\t\t\t\t\t<div class=\"premium-person-content\">\n\t\t\t\t\t\t\tJeune et volontaire, il a r\u00e9cemment rejoint la TEAM, se rendant totalement disponible pour ses coll\u00e8gues et prouvant qu&rsquo;il apprend rapidement les techniques et les secrets des plus experts pour obtenir les meilleurs r\u00e9sultats.\t\t\t\t\t\t<\/div>\n\t\t\t\t\t\t\t\t<\/div>\n\t\t\t\t\t\t\t\t\t<\/div>\n\t\t\t\t\t<\/div>\n\t\t\t\t\t\t\t<\/div>\n\t\t\t\t<\/div>\n\t\t\t\t<\/div>\n\t\t\t\t\t<\/div>\n\t\t\t\t<\/div>\n\t\t\t\t\t<\/div>\n\t\t\t\t<\/div>\n\t\t\t\t<\/div>\n\t\t","protected":false},"excerpt":{"rendered":"<p>L&rsquo;\u00c9QUIPE Nous y mettons notre \u00ab\u00a0Visage\u00a0\u00bb Mario Monteverdi Directeur G\u00e9n\u00e9ral Concepteur Propri\u00e9taire et g\u00e9rant de la soci\u00e9t\u00e9. Artisan de seulement 25 ans, son parcours de formation a commenc\u00e9 d&#8217;abord comme m\u00e9tallurgiste produisant des cadres en aluminium avec sa propre entreprise et plus tard sp\u00e9cialis\u00e9 dans l&#8217;installation apr\u00e8s avoir particip\u00e9 \u00e0 d&#8217;importants projets du secteur. Il [&hellip;]<\/p>\n","protected":false},"author":1,"featured_media":0,"parent":0,"menu_order":0,"comment_status":"closed","ping_status":"closed","template":"elementor_header_footer","meta":{"footnotes":""},"class_list":["post-2295","page","type-page","status-publish","hentry"],"_links":{"self":[{"href":"https:\/\/mmwork.ch\/fr\/wp-json\/wp\/v2\/pages\/2295","targetHints":{"allow":["GET"]}}],"collection":[{"href":"https:\/\/mmwork.ch\/fr\/wp-json\/wp\/v2\/pages"}],"about":[{"href":"https:\/\/mmwork.ch\/fr\/wp-json\/wp\/v2\/types\/page"}],"author":[{"embeddable":true,"href":"https:\/\/mmwork.ch\/fr\/wp-json\/wp\/v2\/users\/1"}],"replies":[{"embeddable":true,"href":"https:\/\/mmwork.ch\/fr\/wp-json\/wp\/v2\/comments?post=2295"}],"version-history":[{"count":4,"href":"https:\/\/mmwork.ch\/fr\/wp-json\/wp\/v2\/pages\/2295\/revisions"}],"predecessor-version":[{"id":2299,"href":"https:\/\/mmwork.ch\/fr\/wp-json\/wp\/v2\/pages\/2295\/revisions\/2299"}],"wp:attachment":[{"href":"https:\/\/mmwork.ch\/fr\/wp-json\/wp\/v2\/media?parent=2295"}],"curies":[{"name":"wp","href":"https:\/\/api.w.org\/{rel}","templated":true}]}}